{"id":129,"date":"2020-03-21T16:22:09","date_gmt":"2020-03-21T16:22:09","guid":{"rendered":"http:\/\/florieteller.com\/bribes\/?page_id=129"},"modified":"2021-07-17T12:27:04","modified_gmt":"2021-07-17T12:27:04","slug":"presentation","status":"publish","type":"page","link":"https:\/\/florieteller.com\/bribes\/presentation\/","title":{"rendered":"Pr\u00e9sentation"},"content":{"rendered":"\n<p>Depuis que j&rsquo;ai d\u00e9couvert les <em>Notes de chevet<\/em>, \u00e9crites voil\u00e0 plus d&rsquo;un mill\u00e9naire par Sei Sh\u00f4nagon, une dame de cour japonaise, je remplis des carnets de bribes diverses et vari\u00e9es : sc\u00e8nes de vie, po\u00e8mes, listes, illustrations&#8230;<\/p>\n\n\n\n<p>Avec ce journal d&rsquo;art en ligne, j&rsquo;ai d\u00e9cid\u00e9 de partager un extrait de ces carnets : des bribes plurielles, \u00e0 th\u00e8me ou non, cr\u00e9\u00e9es \u00e0 partir de l&rsquo;observation des joies minuscules qui m&rsquo;entourent, les d\u00e9tails du quotidien, la beaut\u00e9 ordinaire qu&rsquo;on oublie si souvent d&rsquo;observer&#8230;<\/p>\n\n\n\n<p>Je tiens ces carnets d&rsquo;art pour cultiver cet \u0153il cr\u00e9atif et nourrir de la gratitude pour les petits riens qui font le sel de la vie. J&rsquo;esp\u00e8re qu&rsquo;en partageant ces bribes, je vous inspirerai \u00e0 ouvrir les yeux \u00e0 votre tour&#8230;<\/p>\n\n\n\n<blockquote class=\"wp-block-quote has-text-align-center\"><p>percer les nuages<br>et d\u00e9couvrir un bleu pur<br>instant suspendu<br>\u2014 15.06.2019<\/p><\/blockquote>\n\n\n\n<p>J\u2019esp\u00e8re que cette exp\u00e9rimentation en ligne vous fera plaisir. Je suis honor\u00e9e de la partager avec vous.<\/p>\n\n\n\n<p><em>Merci infiniment de votre passage par ici et belle d\u00e9couverte !<\/em><\/p>\n\n\n\n<h3>L&rsquo;artiste<\/h3>\n\n\n\n<div class=\"wp-block-image\"><figure class=\"aligncenter size-large is-resized\"><img loading=\"lazy\" src=\"https:\/\/florieteller.com\/bribes\/wp-content\/uploads\/sites\/4\/2021\/07\/Portrait-artiste.png\" alt=\"\" class=\"wp-image-701\" width=\"484\" height=\"483\" srcset=\"https:\/\/florieteller.com\/bribes\/wp-content\/uploads\/sites\/4\/2021\/07\/Portrait-artiste.png 900w, https:\/\/florieteller.com\/bribes\/wp-content\/uploads\/sites\/4\/2021\/07\/Portrait-artiste-300x300.png 300w, https:\/\/florieteller.com\/bribes\/wp-content\/uploads\/sites\/4\/2021\/07\/Portrait-artiste-150x150.png 150w, https:\/\/florieteller.com\/bribes\/wp-content\/uploads\/sites\/4\/2021\/07\/Portrait-artiste-768x767.png 768w, https:\/\/florieteller.com\/bribes\/wp-content\/uploads\/sites\/4\/2021\/07\/Portrait-artiste-350x350.png 350w\" sizes=\"(max-width: 484px) 100vw, 484px\" \/><figcaption><em>photo \u00a9 C\u00e9cile G. Cortes<\/em><\/figcaption><\/figure><\/div>\n\n\n\n<p>Bonjour bonsoir !<\/p>\n\n\n\n<p>Je m\u2019appelle Florie Vine (alias florieteller) et je suis une artiste ind\u00e9pendante bas\u00e9e \u00e0 Paris.<\/p>\n\n\n\n<p>Je prends plaisir \u00e0 explorer toute une palette d\u2019outils cr\u00e9atifs, de l\u2019\u00e9criture de fiction \u00e0 la po\u00e9sie en passant par l\u2019illustration \u00e0 l\u2019aquarelle et \u00e0 l\u2019encre. Ces \u0153uvres diverses sont toujours empreintes de l\u00e9g\u00e8ret\u00e9, de douceur et d\u2019une pointe d\u2019espi\u00e8glerie.<\/p>\n\n\n\n<p>Dans ce journal d&rsquo;arts pluriels, je partage un extrait de bribes artistiques en acc\u00e8s libre, inspir\u00e9es par le passage des saisons et les petits riens du quotidien&#8230;<\/p>\n\n\n\n<div class=\"wp-block-buttons is-content-justification-center\">\n<div class=\"wp-block-button\"><a class=\"wp-block-button__link has-background\" href=\"https:\/\/florieteller.com\/artiste\/\" style=\"background-color:#60311b\" target=\"_blank\" rel=\"noreferrer noopener\">D\u00e9couvrez l&rsquo;artiste<\/a><\/div>\n<\/div>\n","protected":false},"excerpt":{"rendered":"<p>Depuis que j&rsquo;ai d\u00e9couvert les Notes de chevet, \u00e9crites voil\u00e0 plus d&rsquo;un mill\u00e9naire par Sei Sh\u00f4nagon, une dame de cour japonaise, je remplis des carnets de bribes diverses et vari\u00e9es &hellip;<\/p>\n","protected":false},"author":1,"featured_media":753,"parent":0,"menu_order":0,"comment_status":"closed","ping_status":"closed","template":"","meta":[],"_links":{"self":[{"href":"https:\/\/florieteller.com\/bribes\/wp-json\/wp\/v2\/pages\/129"}],"collection":[{"href":"https:\/\/florieteller.com\/bribes\/wp-json\/wp\/v2\/pages"}],"about":[{"href":"https:\/\/florieteller.com\/bribes\/wp-json\/wp\/v2\/types\/page"}],"author":[{"embeddable":true,"href":"https:\/\/florieteller.com\/bribes\/wp-json\/wp\/v2\/users\/1"}],"replies":[{"embeddable":true,"href":"https:\/\/florieteller.com\/bribes\/wp-json\/wp\/v2\/comments?post=129"}],"version-history":[{"count":22,"href":"https:\/\/florieteller.com\/bribes\/wp-json\/wp\/v2\/pages\/129\/revisions"}],"predecessor-version":[{"id":843,"href":"https:\/\/florieteller.com\/bribes\/wp-json\/wp\/v2\/pages\/129\/revisions\/843"}],"wp:featuredmedia":[{"embeddable":true,"href":"https:\/\/florieteller.com\/bribes\/wp-json\/wp\/v2\/media\/753"}],"wp:attachment":[{"href":"https:\/\/florieteller.com\/bribes\/wp-json\/wp\/v2\/media?parent=129"}],"curies":[{"name":"wp","href":"https:\/\/api.w.org\/{rel}","templated":true}]}}